{"id":2627,"date":"2025-02-04T21:32:56","date_gmt":"2025-02-04T20:32:56","guid":{"rendered":"http:\/\/localhost:8888\/wordpress\/?page_id=2627"},"modified":"2026-01-10T12:25:08","modified_gmt":"2026-01-10T11:25:08","slug":"referenzen-2","status":"publish","type":"page","link":"https:\/\/www.zap-gang.com\/?page_id=2627","title":{"rendered":"Referenzen"},"content":{"rendered":"\t\t<div data-elementor-type=\"wp-page\" data-elementor-id=\"2627\" class=\"elementor elementor-2627\" data-elementor-post-type=\"page\">\n\t\t\t\t<header class=\"elementor-element elementor-element-fec7fad e-flex e-con-boxed e-con e-parent\" data-id=\"fec7fad\" data-element_type=\"container\" data-e-type=\"container\" data-settings=\"{&quot;background_background&quot;:&quot;classic&quot;,&quot;shape_divider_bottom&quot;:&quot;pyramids&quot;}\">\n\t\t\t\t\t<div class=\"e-con-inner\">\n\t\t\t\t<div class=\"elementor-shape elementor-shape-bottom\" aria-hidden=\"true\" data-negative=\"false\">\n\t\t\t<svg xmlns=\"http:\/\/www.w3.org\/2000\/svg\" viewBox=\"0 0 1000 100\" preserveAspectRatio=\"none\">\n\t<path class=\"elementor-shape-fill\" d=\"M761.9,44.1L643.1,27.2L333.8,98L0,3.8V0l1000,0v3.9\"\/>\n<\/svg>\t\t<\/div>\n\t\t<div class=\"elementor-element elementor-element-fe83749 e-con-full e-flex e-con e-child\" data-id=\"fe83749\" data-element_type=\"container\" data-e-type=\"container\">\n\t\t\t\t<div class=\"elementor-element elementor-element-6c773ef elementor-invisible elementor-widget elementor-widget-heading\" data-id=\"6c773ef\" data-element_type=\"widget\" data-e-type=\"widget\" data-settings=\"{&quot;_animation&quot;:&quot;fadeIn&quot;}\" data-widget_type=\"heading.default\">\n\t\t\t\t<div class=\"elementor-widget-container\">\n\t\t\t\t\t<h1 class=\"elementor-heading-title elementor-size-default\">Referenzen.<\/h1>\t\t\t\t<\/div>\n\t\t\t\t<\/div>\n\t\t\t\t<\/div>\n\t\t\t\t\t<\/div>\n\t\t\t\t<\/header>\n\t\t<div class=\"elementor-element elementor-element-1d4cba8 e-flex e-con-boxed e-con e-parent\" data-id=\"1d4cba8\" data-element_type=\"container\" data-e-type=\"container\">\n\t\t\t\t\t<div class=\"e-con-inner\">\n\t\t\t\t<div class=\"elementor-element elementor-element-7292872 elementor-widget elementor-widget-text-editor\" data-id=\"7292872\" data-element_type=\"widget\" data-e-type=\"widget\" data-widget_type=\"text-editor.default\">\n\t\t\t\t<div class=\"elementor-widget-container\">\n\t\t\t\t\t\t\t\t\t<h6><strong>Firmen<\/strong><\/h6><p>SAP AG, Microsoft, HP, IBM, Kyocera, Epson, Compaq, Accenture, Freudenberg, Bilfinger und Berger, Betty Barcley, TRW GmbH, Terex Fuchs GmbH, CardProcess, Hoepfner Brauerei, Welde Brauerei, ProMinent, Systeam, ALSO GmbH, Vistex GmbH, Ness GmbH, Dachsenfranz GmbH,\u00a0 CCNST Teisnach, Sovanta AG, Reitanlage Hubertushof Linkenheim-Hochstetten, usw.<\/p><h6><strong>Messen<\/strong><\/h6><p>Expo-Center Lissabon, Kongresszentrum Barcelona, Kongresszentrum Madrid, Messe Amsterdam, Kongresszentrum Paris, Kongresszentrum Nizza, Kongresszentrum Karlsruhe, Messe Sinsheim, CeBIT Hannover, Systems M\u00fcnchen, Custombike Show Bad Salzuflen, Erlebnis Motorrad Mannheim, usw.<\/p><h6><strong>Hallen<\/strong><\/h6><p>SAP Arena Mannheim, Forum Bamberg, Rhein-Neckar Halle Eppelheim, Stadthalle Bruchsal, Stadthalle Eppingen, Mehzweckhalle Kronau, Sch\u00f6nbornhalle Mingolsheim, Aichingerhalle Oberderdingen, Auwiesenhalle Meckesheim,\u00a0 Elsenzhalle Sinsheim, Eishalle Wiesloch, Lu\u00dfhardthalle Hambr\u00fccken, Festhalle Liedolsheim usw.<\/p><h6><strong>Clubs, Kneipen, Gastst\u00e4tten<\/strong><\/h6><p>Capitol Hannover, Blue Tower (Lindbergh) Mannheim, Acanto Hannover, Palais Prinz Carl Heidelberg, Session Walldorf, The Raven Straubing, Bootshaus Mannheim, Fabrik Bruchsal, Schwimmbad Musik-Club Heidelberg, Nachtschicht Heidelberg, 8 Grad Heidelberg, Schlosskeller Pforzheim,\u00a0 Landgut Lingenthal, Landgut Schloss Michelfeld, Hofgut von H\u00fcnersdorff, Pumpwerk Hockenheim, Hopfenschlingel Pforzheim, Schmidts Schlachthof Wiesloch, Waldschenke Heidelberg, Krone Diedesheim, SinSity Sinsheim, Glashaus Mingolsheim, Linsabauch Odenheim, Kellertheater Forum 84 Walldorf, Bistro Kreativ Linkenheim, Schmidt&#8217;s in Sinsheim, Players Ebensfeld, Harry&#8217;s Walldorf, Gr\u00fcner Baum Schwetzingen, Joe&#8217;s Rok Cafe Kirchheim, Flaming Star Speyer, Musikclub Live Maulbronn, PZ Lounge Bruchsal, Amaze Club Sinsheim, Bundschuh Untergrombach,\u00a0 Alte Scheune Neckagem\u00fcnd, Alte Schmiede Fahrenbach, Cafe Art Walldorf, usw.<\/p><h6><strong>Festivals<\/strong><\/h6><p>Live at the Grenz in Niebelsbach, Summer Fun Festival in Oberhausen, FC Rock in Meckesheim, RIO Rockt! in Rinklingen, Rock am See in Hilsbach, Rock am Bach in St.Leon, Ranchvent Festival Gaggenau-Michelbach, Anti Fruschd Oberacker, Feuerwehrrock Gr\u00fcnstadt, usw.<\/p><h6><strong>Fasching<\/strong><\/h6><p>Medizinerfasching Rhein-Neckarhalle Eppelheim, Rockfasching Stadthalle Bruchsal, Rockfasching Malsch, Rockfasching Rudolf-Wild-Halle Eppelheim, Rockfasching Stadthalle Br\u00fchl, Rockfasching in der Hofpfarrei Schloss Bruchsal, Rockfasching Liedolsheim, Rockfasching \u00d6stringen, Fasching ohne Schunkelzwang in Schatthausen<\/p><h6><strong>St\u00e4dte<\/strong><\/h6><p>Stadtfest Karlsruhe, Stadtmarketing M\u00fchlacker, Stadtfest Wiesloch, Stadtfest Ludwigshafen, Schloss Heidelberg, Lebendiger Neckar Heidelberg, Stadtfest Bruchsal, Stadt \u00d6stringen, Hockenheimer Mai, Menzer Park Fest Neckargem\u00fcnd, Fohlenmarkt Sinsheim, Bohrermarkt Neckargem\u00fcnd, B\u00fcrgerfest M\u00fchlhausen, Dorffest Wiesenbach, Hundeschlittenrennen Dobel, Rock im Klosterhof Hirschhorn, Ortsmittefest Plankstadt, Gerwebeverein Bruchsal, Gerbeverein Sandhausen, Stadt Reichartshausen, Spargelfest MA-K\u00e4fertal, Kerwe Ziegelhausen, Kerwe Sandhausen, Kerwe Reichartshausen, 1000-Jahr Feier Adersbach, Stadtmarketing Sinsheim, Stadtmarketing Hockenheim, Stadt Rauenberg, Stadtmarketing Sinsheim, Stadtmarketing M\u00fchlacker, usw.<\/p><h6><strong>Hochschulen<\/strong><\/h6><p>Uni Heidelberg, FH Karlsruhe, FH Mannheim, FH K\u00fcnzelsau usw.<\/p><h6><strong>Open Airs<\/strong><\/h6><p>Summer Fun Festival Oberhausen, H\u00f6pfner Burgfest Karlsruhe, Weldefest Plankstadt, GTI Treffen W\u00f6rthersee, Rock am Kraichbach, Rock am See, Live at the Grenz, Flugplatzfest Malsch, Flugplatzfest Bruchsal, Schwimmbadfest Neckargem\u00fcnd, Kultival G\u00f6lshausen, Schwimmbadfest Reichartshausen, Anti Fruschd Oberacker, Rock im Klosterhof Hirschhorn, Motoball Open Air Weiher, Burg Steinsberg, Hardt Summer Night, Gauditurnier Elsenz, IDS N\u00fcrburgring, Blausee Altlussheim, Rock in den Vatertag M\u00fcckenloch, Brusl Night Bruchsal, Neckarlauer Open Air Neckargem\u00fcnd, Rock Open Air im Freibad Neckargem\u00fcnd, Naturfreunde Ketsch, FC Dossenheim Sommernacht Open Air, Heidelberger Herbst, usw.<\/p><h6><strong>Stra\u00dfenfeste, Kerwe, Weinfeste, usw.<\/strong><\/h6><p>Winzerfest Wiesloch, Peter-und-Paul-Fest Bretten, Bohrermarkt Neckargem\u00fcnd, MaiNight \u00d6stringen, Schlossparkfest Neckarbischofsheim, Kerwe Dossenheim, Kerwe Waldangelloch, R\u00f6mertafel in R\u00f6merberg, Kerwe Schatthauen, Kerwe Rauenberg, Joss-Fritz Fest Untergrombach, Jahrmarkt \u00d6stringer, Kerwe St.Leon, Schriesheim, K\u00fcrnbach, Kerwe Leimen, Wein &amp; Markt Wiesloch, Kerwe Walldorf, Stadtfest Sinsheim, Stra\u00dfenfest Ketsch, Kerwe Dossenheim, Stadtfest Hockenheim, Brezelfest Speyer, Kerwe Leimen, Matheisermarkt Schriesheim, Ministrantenfest Wiesental, Klosterfest Lobenfeld, Kerwe Sandhausen, Sauerkrautmarkt St.Leon, Stra\u00dfenfest Flehingen, Rauenberger Sommernacht, Kerwe Ziegelhausen, Kerwe Reichartshausen, Kerwe Schatthausen, Kerwe Rauenberg, Kerwe Gaiberg\u00a0 usw.<\/p><h6><strong>Kneipentouren<\/strong><\/h6><p>Wiesloch, Sinsheim, Pforzheim, Mosbach, Bruchsal, Weinheim, Ludwigsburg, Heilbronn, Frankenthal, Bietigheim-Bissingen, usw.<\/p><h6><strong>Biker<\/strong><\/h6><p>Custom Bike Show in Bad Salzuflen, Erlebnis Motorrad in Mannheim, MC Chosen Friends Hockenheim, MC Malsch, Harleyfreunde Oberhausen, MC Huttenheim, MC Skyra, MC Epfenbach, MC Dirty Fingers M\u00fchlacker, XXL Bikers St.Leon,\u00a0 usw.<\/p><h6><strong>Vereine, Jugendzentren<\/strong><\/h6><p>KSV \u00d6stringen, FC Rock Meckesheim, Guggemusik Hambr\u00fccken, Kollerkrotten Br\u00fchl, TSV \u00d6stringen, TSV Malsch, MV Neckarbischofsheim, FV M\u00fchlbach, FV Sulzfeld, JZ Liedolsheim, SV Daisbach, FC Dossenheim, DRK M\u00fcnzesheim,\u00a0 Naturfreunde Ketsch, Tauzieher Reilingen, Guggamusik Altlussheim, Schlabbedengla Bruchsal, FC Ru\u00dfheim, AWO St.Leon, TSG Bruchsal, FC Karlsdorf, Feuerwehr Ketsch, FC M\u00fcnzesheim, TTC Reihen, KSV Ketsch, JZ Pfiff M\u00fcnzesheim, Feuerwehr Mingolsheim, Feuerwehr Altlussheim, Feuerwehr Eschelbach, Feuerwehr Eilingen, Feuerwehr Hockenheim, Feuerwehr Baiertal, FC Mecksheim, MV \u00d6stringen, Frohsinn Baiertal, MGV Sch\u00f6nbrunn, TSV Rot, Tauchclub Kronau, SV Frickenhofen, DRK M\u00fcnzesheim, AWO Bruchsal, Freiw.Feuerwehr Reilingen, FFW Landshausen, FFW Hockenheim, FFW M\u00fcckenloch, FFW Horrenberg, Feuerwehr Rinklingen, DLRG Neckargem\u00fcnd,\u00a0 Billardclub St.Leon, Fanfarenzug M\u00fchlhausen, Kerweverein Schatthausen, usw.<\/p><h6><strong>Sonstige<\/strong><\/h6><p>Jubil\u00e4en, Hochzeiten, Geburtstage, usw.<\/p>\t\t\t\t\t\t\t\t<\/div>\n\t\t\t\t<\/div>\n\t\t\t\t\t<\/div>\n\t\t\t\t<\/div>\n\t\t<section class=\"elementor-element elementor-element-44c6e81 e-flex e-con-boxed elementor-invisible e-con e-parent\" data-id=\"44c6e81\" data-element_type=\"container\" data-e-type=\"container\" data-settings=\"{&quot;background_background&quot;:&quot;classic&quot;,&quot;shape_divider_bottom&quot;:&quot;pyramids&quot;,&quot;animation&quot;:&quot;fadeIn&quot;,&quot;shape_divider_top&quot;:&quot;pyramids&quot;}\">\n\t\t\t\t\t<div class=\"e-con-inner\">\n\t\t\t\t<div class=\"elementor-shape elementor-shape-top\" aria-hidden=\"true\" data-negative=\"false\">\n\t\t\t<svg xmlns=\"http:\/\/www.w3.org\/2000\/svg\" viewBox=\"0 0 1000 100\" preserveAspectRatio=\"none\">\n\t<path class=\"elementor-shape-fill\" d=\"M761.9,44.1L643.1,27.2L333.8,98L0,3.8V0l1000,0v3.9\"\/>\n<\/svg>\t\t<\/div>\n\t\t\t\t<div class=\"elementor-shape elementor-shape-bottom\" aria-hidden=\"true\" data-negative=\"false\">\n\t\t\t<svg xmlns=\"http:\/\/www.w3.org\/2000\/svg\" viewBox=\"0 0 1000 100\" preserveAspectRatio=\"none\">\n\t<path class=\"elementor-shape-fill\" d=\"M761.9,44.1L643.1,27.2L333.8,98L0,3.8V0l1000,0v3.9\"\/>\n<\/svg>\t\t<\/div>\n\t\t<div class=\"elementor-element elementor-element-7c66e1d e-con-full e-flex e-con e-child\" data-id=\"7c66e1d\" data-element_type=\"container\" data-e-type=\"container\">\n\t\t\t\t<\/div>\n\t\t\t\t\t<\/div>\n\t\t\t\t<\/section>\n\t\t\t\t<\/div>\n\t\t","protected":false},"excerpt":{"rendered":"<p>Referenzen. Firmen SAP AG, Microsoft, HP, IBM, Kyocera, Epson, Compaq, Accenture, Freudenberg, Bilfinger und Berger, Betty Barcley, TRW GmbH, Terex Fuchs GmbH, CardProcess, Hoepfner Brauerei, Welde Brauerei, ProMinent, Systeam, ALSO GmbH, Vistex GmbH, Ness GmbH, Dachsenfranz GmbH,\u00a0 CCNST Teisnach, Sovanta AG, Reitanlage Hubertushof Linkenheim-Hochstetten, usw. Messen Expo-Center Lissabon, Kongresszentrum Barcelona, Kongresszentrum Madrid, Messe Amsterdam, Kongresszentrum [&hellip;]<\/p>\n","protected":false},"author":1,"featured_media":0,"parent":0,"menu_order":0,"comment_status":"closed","ping_status":"closed","template":"","meta":{"footnotes":""},"class_list":["post-2627","page","type-page","status-publish","hentry"],"yoast_head":"<!-- This site is optimized with the Yoast SEO plugin v27.0 - https:\/\/yoast.com\/product\/yoast-seo-wordpress\/ -->\n<title>Referenzen - zap-gang.com<\/title>\n<meta name=\"robots\" content=\"noindex, follow, max-snippet:-1, max-image-preview:large, max-video-preview:-1\" \/>\n<meta property=\"og:locale\" content=\"de_DE\" \/>\n<meta property=\"og:type\" content=\"article\" \/>\n<meta property=\"og:title\" content=\"Referenzen - zap-gang.com\" \/>\n<meta property=\"og:description\" content=\"Referenzen. Firmen SAP AG, Microsoft, HP, IBM, Kyocera, Epson, Compaq, Accenture, Freudenberg, Bilfinger und Berger, Betty Barcley, TRW GmbH, Terex Fuchs GmbH, CardProcess, Hoepfner Brauerei, Welde Brauerei, ProMinent, Systeam, ALSO GmbH, Vistex GmbH, Ness GmbH, Dachsenfranz GmbH,\u00a0 CCNST Teisnach, Sovanta AG, Reitanlage Hubertushof Linkenheim-Hochstetten, usw. Messen Expo-Center Lissabon, Kongresszentrum Barcelona, Kongresszentrum Madrid, Messe Amsterdam, Kongresszentrum [&hellip;]\" \/>\n<meta property=\"og:url\" content=\"https:\/\/www.zap-gang.com\/?page_id=2627\" \/>\n<meta property=\"og:site_name\" content=\"zap-gang.com\" \/>\n<meta property=\"article:modified_time\" content=\"2026-01-10T11:25:08+00:00\" \/>\n<meta name=\"twitter:card\" content=\"summary_large_image\" \/>\n<meta name=\"twitter:label1\" content=\"Gesch\u00e4tzte Lesezeit\" \/>\n\t<meta name=\"twitter:data1\" content=\"4\u00a0Minuten\" \/>\n<script type=\"application\/ld+json\" class=\"yoast-schema-graph\">{\"@context\":\"https:\/\/schema.org\",\"@graph\":[{\"@type\":\"WebPage\",\"@id\":\"https:\/\/www.zap-gang.com\/?page_id=2627\",\"url\":\"https:\/\/www.zap-gang.com\/?page_id=2627\",\"name\":\"Referenzen - zap-gang.com\",\"isPartOf\":{\"@id\":\"https:\/\/www.zap-gang.com\/#website\"},\"datePublished\":\"2025-02-04T20:32:56+00:00\",\"dateModified\":\"2026-01-10T11:25:08+00:00\",\"breadcrumb\":{\"@id\":\"https:\/\/www.zap-gang.com\/?page_id=2627#breadcrumb\"},\"inLanguage\":\"de\",\"potentialAction\":[{\"@type\":\"ReadAction\",\"target\":[\"https:\/\/www.zap-gang.com\/?page_id=2627\"]}]},{\"@type\":\"BreadcrumbList\",\"@id\":\"https:\/\/www.zap-gang.com\/?page_id=2627#breadcrumb\",\"itemListElement\":[{\"@type\":\"ListItem\",\"position\":1,\"name\":\"Startseite\",\"item\":\"https:\/\/www.zap-gang.com\/\"},{\"@type\":\"ListItem\",\"position\":2,\"name\":\"Referenzen\"}]},{\"@type\":\"WebSite\",\"@id\":\"https:\/\/www.zap-gang.com\/#website\",\"url\":\"https:\/\/www.zap-gang.com\/\",\"name\":\"zap-gang.com\",\"description\":\"\",\"publisher\":{\"@id\":\"https:\/\/www.zap-gang.com\/#organization\"},\"potentialAction\":[{\"@type\":\"SearchAction\",\"target\":{\"@type\":\"EntryPoint\",\"urlTemplate\":\"https:\/\/www.zap-gang.com\/?s={search_term_string}\"},\"query-input\":{\"@type\":\"PropertyValueSpecification\",\"valueRequired\":true,\"valueName\":\"search_term_string\"}}],\"inLanguage\":\"de\"},{\"@type\":\"Organization\",\"@id\":\"https:\/\/www.zap-gang.com\/#organization\",\"name\":\"zap-gang.com\",\"url\":\"https:\/\/www.zap-gang.com\/\",\"logo\":{\"@type\":\"ImageObject\",\"inLanguage\":\"de\",\"@id\":\"https:\/\/www.zap-gang.com\/#\/schema\/logo\/image\/\",\"url\":\"https:\/\/www.zap-gang.com\/wp-content\/uploads\/2025\/01\/zap-gang-logo-1.png\",\"contentUrl\":\"https:\/\/www.zap-gang.com\/wp-content\/uploads\/2025\/01\/zap-gang-logo-1.png\",\"width\":231,\"height\":120,\"caption\":\"zap-gang.com\"},\"image\":{\"@id\":\"https:\/\/www.zap-gang.com\/#\/schema\/logo\/image\/\"}}]}<\/script>\n<!-- \/ Yoast SEO plugin. -->","yoast_head_json":{"title":"Referenzen - zap-gang.com","robots":{"index":"noindex","follow":"follow","max-snippet":"max-snippet:-1","max-image-preview":"max-image-preview:large","max-video-preview":"max-video-preview:-1"},"og_locale":"de_DE","og_type":"article","og_title":"Referenzen - zap-gang.com","og_description":"Referenzen. Firmen SAP AG, Microsoft, HP, IBM, Kyocera, Epson, Compaq, Accenture, Freudenberg, Bilfinger und Berger, Betty Barcley, TRW GmbH, Terex Fuchs GmbH, CardProcess, Hoepfner Brauerei, Welde Brauerei, ProMinent, Systeam, ALSO GmbH, Vistex GmbH, Ness GmbH, Dachsenfranz GmbH,\u00a0 CCNST Teisnach, Sovanta AG, Reitanlage Hubertushof Linkenheim-Hochstetten, usw. Messen Expo-Center Lissabon, Kongresszentrum Barcelona, Kongresszentrum Madrid, Messe Amsterdam, Kongresszentrum [&hellip;]","og_url":"https:\/\/www.zap-gang.com\/?page_id=2627","og_site_name":"zap-gang.com","article_modified_time":"2026-01-10T11:25:08+00:00","twitter_card":"summary_large_image","twitter_misc":{"Gesch\u00e4tzte Lesezeit":"4\u00a0Minuten"},"schema":{"@context":"https:\/\/schema.org","@graph":[{"@type":"WebPage","@id":"https:\/\/www.zap-gang.com\/?page_id=2627","url":"https:\/\/www.zap-gang.com\/?page_id=2627","name":"Referenzen - zap-gang.com","isPartOf":{"@id":"https:\/\/www.zap-gang.com\/#website"},"datePublished":"2025-02-04T20:32:56+00:00","dateModified":"2026-01-10T11:25:08+00:00","breadcrumb":{"@id":"https:\/\/www.zap-gang.com\/?page_id=2627#breadcrumb"},"inLanguage":"de","potentialAction":[{"@type":"ReadAction","target":["https:\/\/www.zap-gang.com\/?page_id=2627"]}]},{"@type":"BreadcrumbList","@id":"https:\/\/www.zap-gang.com\/?page_id=2627#breadcrumb","itemListElement":[{"@type":"ListItem","position":1,"name":"Startseite","item":"https:\/\/www.zap-gang.com\/"},{"@type":"ListItem","position":2,"name":"Referenzen"}]},{"@type":"WebSite","@id":"https:\/\/www.zap-gang.com\/#website","url":"https:\/\/www.zap-gang.com\/","name":"zap-gang.com","description":"","publisher":{"@id":"https:\/\/www.zap-gang.com\/#organization"},"potentialAction":[{"@type":"SearchAction","target":{"@type":"EntryPoint","urlTemplate":"https:\/\/www.zap-gang.com\/?s={search_term_string}"},"query-input":{"@type":"PropertyValueSpecification","valueRequired":true,"valueName":"search_term_string"}}],"inLanguage":"de"},{"@type":"Organization","@id":"https:\/\/www.zap-gang.com\/#organization","name":"zap-gang.com","url":"https:\/\/www.zap-gang.com\/","logo":{"@type":"ImageObject","inLanguage":"de","@id":"https:\/\/www.zap-gang.com\/#\/schema\/logo\/image\/","url":"https:\/\/www.zap-gang.com\/wp-content\/uploads\/2025\/01\/zap-gang-logo-1.png","contentUrl":"https:\/\/www.zap-gang.com\/wp-content\/uploads\/2025\/01\/zap-gang-logo-1.png","width":231,"height":120,"caption":"zap-gang.com"},"image":{"@id":"https:\/\/www.zap-gang.com\/#\/schema\/logo\/image\/"}}]}},"_links":{"self":[{"href":"https:\/\/www.zap-gang.com\/index.php?rest_route=\/wp\/v2\/pages\/2627","targetHints":{"allow":["GET"]}}],"collection":[{"href":"https:\/\/www.zap-gang.com\/index.php?rest_route=\/wp\/v2\/pages"}],"about":[{"href":"https:\/\/www.zap-gang.com\/index.php?rest_route=\/wp\/v2\/types\/page"}],"author":[{"embeddable":true,"href":"https:\/\/www.zap-gang.com\/index.php?rest_route=\/wp\/v2\/users\/1"}],"replies":[{"embeddable":true,"href":"https:\/\/www.zap-gang.com\/index.php?rest_route=%2Fwp%2Fv2%2Fcomments&post=2627"}],"version-history":[{"count":25,"href":"https:\/\/www.zap-gang.com\/index.php?rest_route=\/wp\/v2\/pages\/2627\/revisions"}],"predecessor-version":[{"id":3435,"href":"https:\/\/www.zap-gang.com\/index.php?rest_route=\/wp\/v2\/pages\/2627\/revisions\/3435"}],"wp:attachment":[{"href":"https:\/\/www.zap-gang.com\/index.php?rest_route=%2Fwp%2Fv2%2Fmedia&parent=2627"}],"curies":[{"name":"wp","href":"https:\/\/api.w.org\/{rel}","templated":true}]}}